{"id":6502,"date":"2020-05-19T14:20:58","date_gmt":"2020-05-19T12:20:58","guid":{"rendered":"http:\/\/agneswuyamofficiel.com\/livraisons\/"},"modified":"2020-05-19T14:20:58","modified_gmt":"2020-05-19T12:20:58","slug":"livraisons","status":"publish","type":"page","link":"https:\/\/agneswuyamofficiel.com\/en\/livraisons\/","title":{"rendered":"Livraisons"},"content":{"rendered":"<h1>LIVRAISONS<\/h1>\n<h3>CO\u00dbTS ET D\u00c9LAIS DE LIVRAISON:<\/h3>\n<p>LIVRAISON STANDARD<br \/>\nLivraison dans un d\u00e9lai de 3-4 jours ouvrables<br \/>\nEUR 9,00<\/p>\n<p>LIVRAISON EXPRESS<br \/>\nLivraison dans un d\u00e9lai de 1-2 jours ouvrables<br \/>\nEUR 24,00<\/p>\n<p>Vous pouvez choisir le type de livraison que vous pr\u00e9f\u00e9rez entre Standard et Express.<\/p>\n<p>Les d\u00e9lais indiqu\u00e9s ne concernent que les jours ouvrables. Les week-ends et jours f\u00e9ri\u00e9s* ne sont pas pris en compte. Votre commande sera prise en charge et exp\u00e9di\u00e9e depuis notre entrep\u00f4t, en France.<br \/>\n*La liste des jours f\u00e9ri\u00e9s de l&#8217;ann\u00e9e 2018 est la suivante : 1er janvier, 2 avril, 1er mai, 8 mai, 10 mai, 21 mai, 14 juillet, 15 ao\u00fbt, 1ernovembre, 11 novembre, 25 d\u00e9cembre.<\/p>\n<p>SUIVRE L&#8217;\u00c9TAT D&#8217;AVANCEMENT DE VOTRE COMMANDE ET DE LA LIVRAISON :<\/p>\n<p>Vous pouvez v\u00e9rifier l\u2019\u00e9tat d&#8217;avancement de votre commande et suivre les \u00e9tapes de la livraison \u00e0 tout moment. Pour cela, connectez-vous \u00e0 votre compte, rubrique \u00ab Mes commandes \u00bb.<br \/>\nDe m\u00eame, vous avez la possibilit\u00e9 d&#8217;effectuer le suivi de la livraison de votre commande gr\u00e2ce au Num\u00e9ro de suivi fourni par le transporteur.<\/p>\n<p>Vous trouverez le num\u00e9ro de suivi de votre commande, soit dans votre compte Client, rubrique \u00ab Mes Commandes \u00bb, soit dans l&#8217;email de confirmation de livraison.<\/p>\n","protected":false},"excerpt":{"rendered":"<p>LIVRAISONS CO\u00dbTS ET D\u00c9LAIS DE LIVRAISON: LIVRAISON STANDARD Livraison dans un d\u00e9lai de 3-4 jours ouvrables EUR 9,00 LIVRAISON EXPRESS Livraison dans un d\u00e9lai de 1-2 jours ouvrables EUR 24,00 Vous pouvez choisir le type de livraison que vous pr\u00e9f\u00e9rez entre Standard et Express. Les d\u00e9lais indiqu\u00e9s ne concernent que les jours ouvrables. Les week-ends [&#8230;]<\/p>\n<p><a class=\"btn btn-secondary understrap-read-more-link\" href=\"https:\/\/agneswuyamofficiel.com\/en\/livraisons\/\">Read More&#8230;<span class=\"screen-reader-text\"> from Livraisons<\/span><\/a><\/p>\n","protected":false},"author":1,"featured_media":0,"parent":0,"menu_order":0,"comment_status":"closed","ping_status":"closed","template":"","meta":{"inline_featured_image":false,"footnotes":""},"class_list":["post-6502","page","type-page","status-publish","hentry"],"_links":{"self":[{"href":"https:\/\/agneswuyamofficiel.com\/en\/wp-json\/wp\/v2\/pages\/6502"}],"collection":[{"href":"https:\/\/agneswuyamofficiel.com\/en\/wp-json\/wp\/v2\/pages"}],"about":[{"href":"https:\/\/agneswuyamofficiel.com\/en\/wp-json\/wp\/v2\/types\/page"}],"author":[{"embeddable":true,"href":"https:\/\/agneswuyamofficiel.com\/en\/wp-json\/wp\/v2\/users\/1"}],"replies":[{"embeddable":true,"href":"https:\/\/agneswuyamofficiel.com\/en\/wp-json\/wp\/v2\/comments?post=6502"}],"version-history":[{"count":0,"href":"https:\/\/agneswuyamofficiel.com\/en\/wp-json\/wp\/v2\/pages\/6502\/revisions"}],"wp:attachment":[{"href":"https:\/\/agneswuyamofficiel.com\/en\/wp-json\/wp\/v2\/media?parent=6502"}],"curies":[{"name":"wp","href":"https:\/\/api.w.org\/{rel}","templated":true}]}}